{"id":48,"date":"2013-08-12T07:24:35","date_gmt":"2013-08-12T07:24:35","guid":{"rendered":"http:\/\/bwindiorphans.org\/?page_id=48"},"modified":"2015-12-29T16:59:55","modified_gmt":"2015-12-29T16:59:55","slug":"profil-ditete","status":"publish","type":"page","link":"https:\/\/bwindiorphans.org\/?page_id=48","title":{"rendered":"Profil d\u00edt\u011bte"},"content":{"rendered":"<div id=\"profile\">\n<div id=\"left\">\n<div class=\"photo bubble\"><img decoding=\"async\" alt=\"\" src=\"http:\/\/bwindiorphans.org\/wp-content\/themes\/quora\/images\/portrait.jpg\" \/><\/div>\n<p><a id=\"helpMe\" href=\"#\">Pom\u016f\u017ee\u0161 mi<\/a><\/p>\n<h4>Co pot\u0159ebuji<\/h4>\n<table>\n<tbody>\n<tr>\n<th>\u0160koln\u00e9<\/th>\n<td>8 500 K\u010d<\/td>\n<\/tr>\n<tr>\n<th>Boty<\/th>\n<td>300 K\u010d<\/td>\n<\/tr>\n<tr>\n<th>Koza<\/th>\n<td>1 200 K\u010d<\/td>\n<\/tr>\n<tr>\n<th>Lucerna<\/th>\n<td>200 K\u010d<\/td>\n<\/tr>\n<\/tbody>\n<\/table>\n<h4>Co u\u017e m\u00e1m<\/h4>\n<table>\n<tbody>\n<tr>\n<th>Matrace<\/th>\n<td><\/td>\n<\/tr>\n<\/tbody>\n<\/table>\n<\/div>\n<div id=\"right\">\n<h1>Agnes Akiteng<\/h1>\n<h3>Chod\u00edm do Buhoma High School, 3 ro\u010dn\u00edk<br \/>\nje mi 19 let<\/h3>\n<p>Ahoj jmenuji se Agnes, ale v\u0161ichni mi \u0159\u00edkaj\u00ed Agii. Bydl\u00edm s&nbsp;m\u00e1mou, mlad\u0161\u00ed sestrou a&nbsp;bratrancem v&nbsp;mal\u00e9m domku, kter\u00fd se n\u00e1m poda\u0159ilo opravit d\u00edky va\u0161\u00ed pomoci. Tat\u00e1 mi um\u0159el kdy\u017e mi bylo 14 a&nbsp;moc mi chyb\u00ed. M\u00e1ma pracuje na poli, tak\u017ee kdy\u017e nejsem ve \u0161kole, sna\u017e\u00edm se j\u00ed pom\u00e1hat.<\/p>\n<h4>J\u00e1 a&nbsp;\u0161kola<\/h4>\n<p>Bohu\u017eel m\u00e1ma te\u010f nem\u00e1 dostatek pen\u011bz na zaplacen\u00ed \u0161koln\u00e9ho na rok 2013. Bwindi mi plat\u00ed alespo\u0148 denn\u00ed studium ne\u017e najdu sponzora.<\/p>\n<div id=\"timeline\">\n<div class=\"start\">2013<\/div>\n<div class=\"note\">Narodila se mi sest\u0159i\u010dka, je p\u0159ekr\u00e1sn\u00e1. Sice doma bude m\u00ed\u0148 m\u00edsta, ale ur\u010dit\u011b se n\u011bjak vlezeme.<\/div>\n<div class=\"note\">Druh\u00fd ro\u010dn\u00edk m\u00e1m \u00fasp\u011b\u0161n\u011b za sebou. D\u011bkuji v\u0161em sponzor\u016fm, kte\u0159\u00ed mi pomohli.<\/div>\n<div class=\"note\"><img decoding=\"async\" class=\"galleryPhoto\" alt=\"\" src=\"http:\/\/bwindiorphans.org\/wp-content\/themes\/quora\/images\/gallery1.jpg\" \/><\/div>\n<\/div>\n<\/div>\n<\/div>\n","protected":false},"excerpt":{"rendered":"<p>Pom\u016f\u017ee\u0161 mi Co pot\u0159ebuji \u0160koln\u00e9 8 500 K\u010d Boty 300 K\u010d Koza 1 200 K\u010d Lucerna 200 K\u010d Co u\u017e m\u00e1m Matrace Agnes Akiteng Chod\u00edm do Buhoma High School, 3 ro\u010dn\u00edk je mi 19 let Ahoj jmenuji se Agnes, ale v\u0161ichni mi \u0159\u00edkaj\u00ed Agii. Bydl\u00edm s&nbsp;m\u00e1mou, mlad\u0161\u00ed sestrou a&nbsp;bratrancem v&nbsp;mal\u00e9m domku, kter\u00fd se n\u00e1m poda\u0159ilo [&hellip;]<\/p>\n","protected":false},"author":1,"featured_media":0,"parent":0,"menu_order":0,"comment_status":"open","ping_status":"open","template":"","meta":[],"_links":{"self":[{"href":"https:\/\/bwindiorphans.org\/index.php?rest_route=\/wp\/v2\/pages\/48"}],"collection":[{"href":"https:\/\/bwindiorphans.org\/index.php?rest_route=\/wp\/v2\/pages"}],"about":[{"href":"https:\/\/bwindiorphans.org\/index.php?rest_route=\/wp\/v2\/types\/page"}],"author":[{"embeddable":true,"href":"https:\/\/bwindiorphans.org\/index.php?rest_route=\/wp\/v2\/users\/1"}],"replies":[{"embeddable":true,"href":"https:\/\/bwindiorphans.org\/index.php?rest_route=%2Fwp%2Fv2%2Fcomments&post=48"}],"version-history":[{"count":20,"href":"https:\/\/bwindiorphans.org\/index.php?rest_route=\/wp\/v2\/pages\/48\/revisions"}],"predecessor-version":[{"id":151,"href":"https:\/\/bwindiorphans.org\/index.php?rest_route=\/wp\/v2\/pages\/48\/revisions\/151"}],"wp:attachment":[{"href":"https:\/\/bwindiorphans.org\/index.php?rest_route=%2Fwp%2Fv2%2Fmedia&parent=48"}],"curies":[{"name":"wp","href":"https:\/\/api.w.org\/{rel}","templated":true}]}}