{"id":437,"date":"2014-01-13T05:57:33","date_gmt":"2014-01-13T05:57:33","guid":{"rendered":"http:\/\/bwindiorphans.org\/?page_id=437"},"modified":"2015-12-29T18:33:36","modified_gmt":"2015-12-29T18:33:36","slug":"chci-poslat-obleceni","status":"publish","type":"page","link":"https:\/\/bwindiorphans.org\/?page_id=437","title":{"rendered":"Chci poslat oble\u010den\u00ed"},"content":{"rendered":"<h1>V\u011bcn\u00e1 pomoc<\/h1>\n<p>Sna\u017e\u00edme se do Ugandy dopravit maxim\u00e1ln\u00ed mo\u017en\u00fd objem praktick\u00fdch v\u011bc\u00ed, kter\u00e9 v&nbsp;\u010cR dostaneme zdarma a&nbsp;v Ugand\u011b rozd\u011blujeme stejn\u00fdm d\u00edlem mezi v\u0161echny d\u011bti.<\/p>\n<p><img decoding=\"async\" src=\"\/wp-content\/uploads\/2014\/01\/IMG_0614.jpg\" alt=\"\" \/><\/p>\n<p>Moment\u00e1ln\u011b m\u00e1me ve skladu velkou z\u00e1sobu sbalen\u00fdch zavazadel s&nbsp;oble\u010den\u00edm a&nbsp;ani nev\u00edme, kdy se naskytne p\u0159\u00edle\u017eitost v\u011bci s&nbsp;n\u011bk\u00fdm do Ugandy poslat zdarma.<\/p>\n<div class=\"block group\">\n<p>St\u00e1le ale m\u00e1me seznam v\u011bc\u00ed, kter\u00fdch se nedost\u00e1v\u00e1:<img decoding=\"async\" class=\"left\" src=\"\/wp-content\/uploads\/2014\/01\/PC020203.jpg\" alt=\"\" width=\"300\" \/><\/p>\n<ul>\n<li>sportovn\u00ed obuv &#8211; hlavn\u011b pro holky, velikosti 38 &#8211; 41<\/li>\n<li>m\u00ed\u010de na volejbal, fotbal a&nbsp;oby\u010dejn\u00e9 m\u00ed\u010de na hran\u00ed pro men\u0161\u00ed d\u011bti<\/li>\n<li>kopa\u010dky, dresy nebo ozna\u010dovac\u00ed vesty, chr\u00e1ni\u010de a&nbsp;podkolenky na fotbal<\/li>\n<li>\u0161vihadla, badminton a&nbsp;r\u016fzn\u00e9 sportovn\u00ed hry<\/li>\n<li>kalkula\u010dky, propisky, oby\u010dejn\u00e9 tu\u017eky, gumy a&nbsp;mal\u00e1 balen\u00ed pastelek<\/li>\n<li>batohy pro d\u011bti do \u0161koly<\/li>\n<li>obleky pro kluky, sv\u00e1te\u010dn\u00ed ko\u0161ile, kravaty<\/li>\n<li>sv\u00e1te\u010dn\u00ed \u0161aty pro holky<\/li>\n<li>star\u0161\u00ed mobiln\u00ed telefony, pokud maj\u00ed funk\u010dn\u00ed baterii a&nbsp;nab\u00edje\u010dku<\/li>\n<li>star\u0161\u00ed notebooky, pokud maj\u00ed funk\u010dn\u00ed baterii a&nbsp;nab\u00edje\u010dku<\/li>\n<\/ul>\n<\/div>\n<p>Pokud m\u016f\u017eete n\u011bkter\u00e9 z&nbsp;t\u011bchto v\u011bc\u00ed darovat, pos\u00edlejte kdykoli na adresu:<br \/>\nBwindi Orphans o.p.s.<br \/>\nSt\u0159elice 727<br \/>\n664 47<br \/>\nnebo se m\u016f\u017eeme mailem domluvit na vyzvednut\u00ed<\/p>\n","protected":false},"excerpt":{"rendered":"<p>V\u011bcn\u00e1 pomoc Sna\u017e\u00edme se do Ugandy dopravit maxim\u00e1ln\u00ed mo\u017en\u00fd objem praktick\u00fdch v\u011bc\u00ed, kter\u00e9 v&nbsp;\u010cR dostaneme zdarma a&nbsp;v Ugand\u011b rozd\u011blujeme stejn\u00fdm d\u00edlem mezi v\u0161echny d\u011bti. Moment\u00e1ln\u011b m\u00e1me ve skladu velkou z\u00e1sobu sbalen\u00fdch zavazadel s&nbsp;oble\u010den\u00edm a&nbsp;ani nev\u00edme, kdy se naskytne p\u0159\u00edle\u017eitost v\u011bci s&nbsp;n\u011bk\u00fdm do Ugandy poslat zdarma. St\u00e1le ale m\u00e1me seznam v\u011bc\u00ed, kter\u00fdch se nedost\u00e1v\u00e1: sportovn\u00ed obuv [&hellip;]<\/p>\n","protected":false},"author":1,"featured_media":0,"parent":0,"menu_order":0,"comment_status":"open","ping_status":"open","template":"","meta":[],"_links":{"self":[{"href":"https:\/\/bwindiorphans.org\/index.php?rest_route=\/wp\/v2\/pages\/437"}],"collection":[{"href":"https:\/\/bwindiorphans.org\/index.php?rest_route=\/wp\/v2\/pages"}],"about":[{"href":"https:\/\/bwindiorphans.org\/index.php?rest_route=\/wp\/v2\/types\/page"}],"author":[{"embeddable":true,"href":"https:\/\/bwindiorphans.org\/index.php?rest_route=\/wp\/v2\/users\/1"}],"replies":[{"embeddable":true,"href":"https:\/\/bwindiorphans.org\/index.php?rest_route=%2Fwp%2Fv2%2Fcomments&post=437"}],"version-history":[{"count":17,"href":"https:\/\/bwindiorphans.org\/index.php?rest_route=\/wp\/v2\/pages\/437\/revisions"}],"predecessor-version":[{"id":2061,"href":"https:\/\/bwindiorphans.org\/index.php?rest_route=\/wp\/v2\/pages\/437\/revisions\/2061"}],"wp:attachment":[{"href":"https:\/\/bwindiorphans.org\/index.php?rest_route=%2Fwp%2Fv2%2Fmedia&parent=437"}],"curies":[{"name":"wp","href":"https:\/\/api.w.org\/{rel}","templated":true}]}}