{"id":418,"date":"2014-01-12T20:05:02","date_gmt":"2014-01-12T20:05:02","guid":{"rendered":"http:\/\/bwindiorphans.org\/?page_id=418"},"modified":"2020-12-11T18:26:26","modified_gmt":"2020-12-11T18:26:26","slug":"komu-pomahame","status":"publish","type":"page","link":"https:\/\/bwindiorphans.org\/?page_id=418","title":{"rendered":"Jak\u00e9 d\u011bti p\u0159ij\u00edm\u00e1me"},"content":{"rendered":"<div class=\"articleType1\">\n<div class=\"block group\">\n<h1>Jak\u00e9 d\u011bti p\u0159ij\u00edm\u00e1me<\/h1>\n<p><img decoding=\"async\" loading=\"lazy\" class=\"alignright  wp-image-1780\" src=\"http:\/\/bwindiorphans.org\/wp-content\/uploads\/2014\/01\/Uganda_2009__6235011-1024x768.jpg\" alt=\"OLYMPUS DIGITAL CAMERA\" width=\"405\" height=\"304\" srcset=\"https:\/\/bwindiorphans.org\/wp-content\/uploads\/2014\/01\/Uganda_2009__6235011-1024x768.jpg 1024w, https:\/\/bwindiorphans.org\/wp-content\/uploads\/2014\/01\/Uganda_2009__6235011-300x225.jpg 300w\" sizes=\"(max-width: 405px) 100vw, 405px\" \/>P\u0159ij\u00edm\u00e1me d\u011bti z&nbsp;nejchud\u0161\u00edch rodin. Nastoup\u00ed do soukrom\u00e9 \u0161koly, dostanou \u0161koln\u00ed pom\u016fcky, uniformy, boty a&nbsp;ka\u017ed\u00fd den vydatn\u00fd ob\u011bd. Plat\u00edme jim tak\u00e9 ve\u0161kerou zdravotn\u00ed p\u00e9\u010di. Z&nbsp;na\u0161eho pohledu z\u00e1kladn\u00ed v\u011bci, ale pro rodiny v&nbsp;na\u0161em projektu luxus, na kter\u00fd bez pomoci n\u011bkoho jin\u00e9ho nemohou dos\u00e1hnout. Vyb\u00edr\u00e1me ty nejpot\u0159ebn\u011bj\u0161\u00ed, ale to z\u00e1rove\u0148 n\u011bkdy znamen\u00e1 i&nbsp;nejproblemati\u010dt\u011bj\u0161\u00ed. O&nbsp;to v\u00edc pot\u0159ebuj\u00ed pomoc.<\/p>\n<\/div>\n<\/div>\n<div id=\"mainPage\" class=\"group\"><\/div>\n","protected":false},"excerpt":{"rendered":"<p>Jak\u00e9 d\u011bti p\u0159ij\u00edm\u00e1me P\u0159ij\u00edm\u00e1me d\u011bti z&nbsp;nejchud\u0161\u00edch rodin. Nastoup\u00ed do soukrom\u00e9 \u0161koly, dostanou \u0161koln\u00ed pom\u016fcky, uniformy, boty a&nbsp;ka\u017ed\u00fd den vydatn\u00fd ob\u011bd. Plat\u00edme jim tak\u00e9 ve\u0161kerou zdravotn\u00ed p\u00e9\u010di. Z&nbsp;na\u0161eho pohledu z\u00e1kladn\u00ed v\u011bci, ale pro rodiny v&nbsp;na\u0161em projektu luxus, na kter\u00fd bez pomoci n\u011bkoho jin\u00e9ho nemohou dos\u00e1hnout. Vyb\u00edr\u00e1me ty nejpot\u0159ebn\u011bj\u0161\u00ed, ale to z\u00e1rove\u0148 n\u011bkdy znamen\u00e1 i&nbsp;nejproblemati\u010dt\u011bj\u0161\u00ed. O&nbsp;to v\u00edc [&hellip;]<\/p>\n","protected":false},"author":1,"featured_media":0,"parent":3835,"menu_order":0,"comment_status":"open","ping_status":"open","template":"","meta":[],"_links":{"self":[{"href":"https:\/\/bwindiorphans.org\/index.php?rest_route=\/wp\/v2\/pages\/418"}],"collection":[{"href":"https:\/\/bwindiorphans.org\/index.php?rest_route=\/wp\/v2\/pages"}],"about":[{"href":"https:\/\/bwindiorphans.org\/index.php?rest_route=\/wp\/v2\/types\/page"}],"author":[{"embeddable":true,"href":"https:\/\/bwindiorphans.org\/index.php?rest_route=\/wp\/v2\/users\/1"}],"replies":[{"embeddable":true,"href":"https:\/\/bwindiorphans.org\/index.php?rest_route=%2Fwp%2Fv2%2Fcomments&post=418"}],"version-history":[{"count":40,"href":"https:\/\/bwindiorphans.org\/index.php?rest_route=\/wp\/v2\/pages\/418\/revisions"}],"predecessor-version":[{"id":3811,"href":"https:\/\/bwindiorphans.org\/index.php?rest_route=\/wp\/v2\/pages\/418\/revisions\/3811"}],"up":[{"embeddable":true,"href":"https:\/\/bwindiorphans.org\/index.php?rest_route=\/wp\/v2\/pages\/3835"}],"wp:attachment":[{"href":"https:\/\/bwindiorphans.org\/index.php?rest_route=%2Fwp%2Fv2%2Fmedia&parent=418"}],"curies":[{"name":"wp","href":"https:\/\/api.w.org\/{rel}","templated":true}]}}