{"id":401,"date":"2014-01-12T19:31:47","date_gmt":"2014-01-12T19:31:47","guid":{"rendered":"http:\/\/bwindiorphans.org\/?page_id=401"},"modified":"2016-08-19T14:37:10","modified_gmt":"2016-08-19T14:37:10","slug":"jina-pomoc-organizaci","status":"publish","type":"page","link":"https:\/\/bwindiorphans.org\/?page_id=401","title":{"rendered":"Provozn\u00ed fond"},"content":{"rendered":"<h1>Provozn\u00ed fond<\/h1>\n<p><a href=\"http:\/\/bwindiorphans.org\/wp-content\/uploads\/2014\/04\/EYALAMA-\u010dern\u00e1-72.png\"><br \/>\n<\/a>Od zalo\u017een\u00ed Bwindi Orphans jsme z\u00edskali p\u00e1r v\u011brn\u00fdch p\u0159\u00e1tel, kte\u0159\u00ed na provoz pravideln\u011b pos\u00edlaj\u00ed pen\u00edze, taky z&nbsp;\u0159ad \u010desk\u00fdch rodi\u010d\u016f dostaneme tu a&nbsp;tam p\u0159\u00edsp\u011bvek. V\u017edy upot\u0159eb\u00edme kancel\u00e1\u0159sk\u00e9 vybaven\u00ed v\u0161eho druhu, za kter\u00e9 pak nemus\u00edme utr\u00e1cet pen\u00edze. Obecn\u011b vzato podporovat provoz neziskov\u00e9 organizace je z\u00e1le\u017eitost pro v\u011bt\u0161inu lid\u00ed neatraktivn\u00ed a&nbsp;o to v\u00edc d\u011bkujeme d\u00e1rc\u016fm a&nbsp;v\u00e1\u017e\u00edme si toho, \u017ee n\u00e1m v\u011b\u0159\u00ed. <a href=\"http:\/\/bwindiorphans.org\/wp-content\/uploads\/2014\/04\/EYALAMA-\u010dern\u00e1-72.png\"><br \/>\n<\/a><br \/>\n<a href=\"http:\/\/bwindiorphans.org\/wp-content\/uploads\/2014\/04\/EYALAMA-\u010dern\u00e1-72.png\"><img decoding=\"async\" loading=\"lazy\" class=\"alignright\" src=\"http:\/\/bwindiorphans.org\/wp-content\/uploads\/2014\/04\/EYALAMA-\u010dern\u00e1-72-300x289.png\" alt=\"EYALAMA-\u010dern\u00e1-72\" width=\"300\" height=\"289\" \/><\/a>St\u00e1le v\u00edc se sna\u017e\u00edme p\u0159ivyd\u011bl\u00e1vat prodejem ugandsk\u00fdch v\u00fdrobk\u016f a&nbsp;pokud byste m\u011bli mo\u017enost a&nbsp;chu\u0165 se zapojit ve Va\u0161em regionu \u010di okruhu p\u0159\u00e1tel, budeme vd\u011b\u010dn\u00ed. <\/p>\n<p>Variabiln\u00ed symbol: 3001<\/p>\n<p>Bankovn\u00ed informace<br \/>\n\u010d.\u00fa.: 2600990422\/2010<br \/>\nn\u00e1zev \u00fa\u010dtu: Bwindi Orphans o.p.s.<\/p>\n<p>Rodi\u010de pros\u00edme jak o&nbsp;p\u0159\u00edslu\u0161n\u00fd variabiln\u00ed, tak o&nbsp;jejich specifick\u00fd symbol, abychom p\u0159\u00edsp\u011bvek spr\u00e1vn\u011b p\u0159i\u0159adili a&nbsp;byli schopni zohlednit v&nbsp;potvrzen\u00ed o&nbsp;sponzorsk\u00e9m daru. Ostatn\u00ed d\u00e1rci pros\u00edm uv\u00e1d\u011bjte variabiln\u00ed symbol a&nbsp;pokud pot\u0159ebujete potvrzen\u00ed o&nbsp;sponzorsk\u00e9m daru, pi\u0161te na <a href=\"mailto:alena@bwindiorphans.org\">alena@bwindiorphans.org<\/a><\/em><\/p>\n<p>&nbsp;<\/p>\n<p>&nbsp;<\/p>\n","protected":false},"excerpt":{"rendered":"<p>Provozn\u00ed fond Od zalo\u017een\u00ed Bwindi Orphans jsme z\u00edskali p\u00e1r v\u011brn\u00fdch p\u0159\u00e1tel, kte\u0159\u00ed na provoz pravideln\u011b pos\u00edlaj\u00ed pen\u00edze, taky z&nbsp;\u0159ad \u010desk\u00fdch rodi\u010d\u016f dostaneme tu a&nbsp;tam p\u0159\u00edsp\u011bvek. V\u017edy upot\u0159eb\u00edme kancel\u00e1\u0159sk\u00e9 vybaven\u00ed v\u0161eho druhu, za kter\u00e9 pak nemus\u00edme utr\u00e1cet pen\u00edze. Obecn\u011b vzato podporovat provoz neziskov\u00e9 organizace je z\u00e1le\u017eitost pro v\u011bt\u0161inu lid\u00ed neatraktivn\u00ed a&nbsp;o to v\u00edc d\u011bkujeme d\u00e1rc\u016fm a&nbsp;v\u00e1\u017e\u00edme [&hellip;]<\/p>\n","protected":false},"author":1,"featured_media":0,"parent":0,"menu_order":0,"comment_status":"open","ping_status":"open","template":"","meta":[],"_links":{"self":[{"href":"https:\/\/bwindiorphans.org\/index.php?rest_route=\/wp\/v2\/pages\/401"}],"collection":[{"href":"https:\/\/bwindiorphans.org\/index.php?rest_route=\/wp\/v2\/pages"}],"about":[{"href":"https:\/\/bwindiorphans.org\/index.php?rest_route=\/wp\/v2\/types\/page"}],"author":[{"embeddable":true,"href":"https:\/\/bwindiorphans.org\/index.php?rest_route=\/wp\/v2\/users\/1"}],"replies":[{"embeddable":true,"href":"https:\/\/bwindiorphans.org\/index.php?rest_route=%2Fwp%2Fv2%2Fcomments&post=401"}],"version-history":[{"count":30,"href":"https:\/\/bwindiorphans.org\/index.php?rest_route=\/wp\/v2\/pages\/401\/revisions"}],"predecessor-version":[{"id":2790,"href":"https:\/\/bwindiorphans.org\/index.php?rest_route=\/wp\/v2\/pages\/401\/revisions\/2790"}],"wp:attachment":[{"href":"https:\/\/bwindiorphans.org\/index.php?rest_route=%2Fwp%2Fv2%2Fmedia&parent=401"}],"curies":[{"name":"wp","href":"https:\/\/api.w.org\/{rel}","templated":true}]}}