{"id":381,"date":"2014-01-12T19:15:11","date_gmt":"2014-01-12T19:15:11","guid":{"rendered":"http:\/\/bwindiorphans.org\/?page_id=381"},"modified":"2020-12-12T19:06:37","modified_gmt":"2020-12-12T19:06:37","slug":"chci-jit-do-toho","status":"publish","type":"page","link":"https:\/\/bwindiorphans.org\/?page_id=381","title":{"rendered":"Jak to funguje"},"content":{"rendered":"<h1>Jak\u00a0to funguje<\/h1>\n<p>Spole\u010dn\u011b s&nbsp;v\u00e1mi poskytujeme dobr\u00fd, a&nbsp;hlavn\u011b praktick\u00fd z\u00e1klad d\u011btem, aby se mohly postavit na vlastn\u00ed nohy. P\u0159i v\u00fdb\u011bru podpory se dr\u017e\u00edme z\u00e1sady postupovat od t\u011bch nejchud\u0161\u00edch k&nbsp;t\u011bm norm\u00e1ln\u011b chud\u00fdm. Podle tohoto kl\u00ed\u010de se tak v&nbsp;projektu mohou objevit i&nbsp;d\u011bti s&nbsp;ob\u011bma rodi\u010di, nap\u0159. rodiny, kter\u00e9 nevlastn\u00ed \u017e\u00e1dnou p\u016fdu, rodi\u010de jsou v\u00e1\u017en\u011b nemocn\u00ed nebo posti\u017een\u00ed.\u00a0<strong>Proto se hodn\u011b zaj\u00edm\u00e1me o&nbsp;to, jak \u017eij\u00ed doma a&nbsp;s \u010d\u00edm se mus\u00ed denn\u011b pot\u00fdkat.<\/strong><\/p>\n<p>V&nbsp;prvn\u00ed \u0159ad\u011b podporu sm\u011brujeme na \u00fapln\u00e9 sirotky. Pokud oba rodi\u010de zem\u0159ou, rodinn\u00e1 rada rozhodne, kter\u00fd p\u0159\u00edbuzn\u00fd se bude o&nbsp;d\u00edt\u011b starat. P\u0159i rozhodov\u00e1n\u00ed nehraje roli ani n\u00e1zor d\u011bt\u00ed ani nov\u00e9 rodiny, a&nbsp;tak si o&nbsp;postaven\u00ed sirotk\u016f v&nbsp;nov\u00e9m prost\u0159ed\u00ed ned\u011bl\u00e1me \u017e\u00e1dn\u00e9 iluze.<\/p>\n<p>Na druh\u00e9m m\u00edst\u011b jsou d\u011bti s&nbsp;jedn\u00edm rodi\u010dem, a&nbsp;to v&nbsp;p\u0159ev\u00e1\u017en\u00e9 v\u011bt\u0161in\u011b s&nbsp;matkou. \u017divot \u017een v&nbsp;ugandsk\u00e9 spole\u010dnosti nen\u00ed jednoduch\u00fd v&nbsp;\u017e\u00e1dn\u00e9 situaci a&nbsp;pokud z\u016fstanou s&nbsp;d\u011btmi samy, bez ciz\u00ed pomoci se v&nbsp;podstat\u011b neobejdou.<\/p>\n<p>&nbsp;<\/p>\n<div id=\"actions\" class=\"group\"><\/div>\n","protected":false},"excerpt":{"rendered":"<p>Jak\u00a0to funguje Spole\u010dn\u011b s&nbsp;v\u00e1mi poskytujeme dobr\u00fd, a&nbsp;hlavn\u011b praktick\u00fd z\u00e1klad d\u011btem, aby se mohly postavit na vlastn\u00ed nohy. P\u0159i v\u00fdb\u011bru podpory se dr\u017e\u00edme z\u00e1sady postupovat od t\u011bch nejchud\u0161\u00edch k&nbsp;t\u011bm norm\u00e1ln\u011b chud\u00fdm. Podle tohoto kl\u00ed\u010de se tak v&nbsp;projektu mohou objevit i&nbsp;d\u011bti s&nbsp;ob\u011bma rodi\u010di, nap\u0159. rodiny, kter\u00e9 nevlastn\u00ed \u017e\u00e1dnou p\u016fdu, rodi\u010de jsou v\u00e1\u017en\u011b nemocn\u00ed nebo posti\u017een\u00ed.\u00a0Proto se hodn\u011b [&hellip;]<\/p>\n","protected":false},"author":1,"featured_media":0,"parent":3835,"menu_order":0,"comment_status":"open","ping_status":"open","template":"","meta":[],"_links":{"self":[{"href":"https:\/\/bwindiorphans.org\/index.php?rest_route=\/wp\/v2\/pages\/381"}],"collection":[{"href":"https:\/\/bwindiorphans.org\/index.php?rest_route=\/wp\/v2\/pages"}],"about":[{"href":"https:\/\/bwindiorphans.org\/index.php?rest_route=\/wp\/v2\/types\/page"}],"author":[{"embeddable":true,"href":"https:\/\/bwindiorphans.org\/index.php?rest_route=\/wp\/v2\/users\/1"}],"replies":[{"embeddable":true,"href":"https:\/\/bwindiorphans.org\/index.php?rest_route=%2Fwp%2Fv2%2Fcomments&post=381"}],"version-history":[{"count":58,"href":"https:\/\/bwindiorphans.org\/index.php?rest_route=\/wp\/v2\/pages\/381\/revisions"}],"predecessor-version":[{"id":3892,"href":"https:\/\/bwindiorphans.org\/index.php?rest_route=\/wp\/v2\/pages\/381\/revisions\/3892"}],"up":[{"embeddable":true,"href":"https:\/\/bwindiorphans.org\/index.php?rest_route=\/wp\/v2\/pages\/3835"}],"wp:attachment":[{"href":"https:\/\/bwindiorphans.org\/index.php?rest_route=%2Fwp%2Fv2%2Fmedia&parent=381"}],"curies":[{"name":"wp","href":"https:\/\/api.w.org\/{rel}","templated":true}]}}