{"id":297,"date":"2013-12-18T07:35:26","date_gmt":"2013-12-18T07:35:26","guid":{"rendered":"http:\/\/bwindiorphans.org\/?page_id=297"},"modified":"2024-09-20T06:43:35","modified_gmt":"2024-09-20T06:43:35","slug":"ke-stazeni","status":"publish","type":"page","link":"https:\/\/bwindiorphans.org\/?page_id=297","title":{"rendered":"V\u00fdro\u010dn\u00ed zpr\u00e1vy"},"content":{"rendered":"\n<div class=\"wp-block-columns is-layout-flex wp-container-4\">\n<div class=\"wp-block-column is-layout-flow\">\n<div class=\"wp-block-media-text alignwide is-stacked-on-mobile\"><figure class=\"wp-block-media-text__media\"><a href=\"http:\/\/bwindiorphans.org\/wp-content\/uploads\/2024\/09\/VYROcNI_ZPRAVA_2023.pdf\"><img decoding=\"async\" loading=\"lazy\" width=\"419\" height=\"595\" src=\"http:\/\/bwindiorphans.org\/wp-content\/uploads\/2024\/09\/VYROcNI_ZPRAVA_2023-5.jpg\" alt=\"\" class=\"wp-image-4194 size-full\" srcset=\"https:\/\/bwindiorphans.org\/wp-content\/uploads\/2024\/09\/VYROcNI_ZPRAVA_2023-5.jpg 419w, https:\/\/bwindiorphans.org\/wp-content\/uploads\/2024\/09\/VYROcNI_ZPRAVA_2023-5-211x300.jpg 211w\" sizes=\"(max-width: 419px) 100vw, 419px\" \/><\/a><\/figure><div class=\"wp-block-media-text__content\">\n<p><a href=\"http:\/\/bwindiorphans.org\/wp-content\/uploads\/2024\/09\/VYROcNI_ZPRAVA_2023.pdf\" target=\"_blank\" rel=\"noreferrer noopener\">2023<\/a><\/p>\n<\/div><\/div>\n<\/div>\n\n\n\n<div class=\"wp-block-column is-layout-flow\">\n<div class=\"wp-block-media-text alignwide is-stacked-on-mobile\"><figure class=\"wp-block-media-text__media\"><a href=\"http:\/\/bwindiorphans.org\/wp-content\/uploads\/2024\/09\/VYROcNI_ZPRAVA_2022.pdf\"><img decoding=\"async\" loading=\"lazy\" width=\"419\" height=\"595\" src=\"http:\/\/bwindiorphans.org\/wp-content\/uploads\/2024\/09\/VYROcNI_ZPRAVA_2022-4.jpg\" alt=\"\" class=\"wp-image-4196 size-full\" srcset=\"https:\/\/bwindiorphans.org\/wp-content\/uploads\/2024\/09\/VYROcNI_ZPRAVA_2022-4.jpg 419w, https:\/\/bwindiorphans.org\/wp-content\/uploads\/2024\/09\/VYROcNI_ZPRAVA_2022-4-211x300.jpg 211w\" sizes=\"(max-width: 419px) 100vw, 419px\" \/><\/a><\/figure><div class=\"wp-block-media-text__content\">\n<p><a href=\"http:\/\/bwindiorphans.org\/wp-content\/uploads\/2024\/09\/VYROcNI_ZPRAVA_2022.pdf\" target=\"_blank\" rel=\"noreferrer noopener\">2022<\/a><\/p>\n<\/div><\/div>\n<\/div>\n\n\n\n<div class=\"wp-block-column is-layout-flow\">\n<div class=\"wp-block-media-text alignwide is-stacked-on-mobile\"><figure class=\"wp-block-media-text__media\"><a href=\"http:\/\/bwindiorphans.org\/wp-content\/uploads\/2024\/08\/VYROCNI_ZPRAVA_2021-2.pdf\"><img decoding=\"async\" loading=\"lazy\" width=\"419\" height=\"595\" src=\"http:\/\/bwindiorphans.org\/wp-content\/uploads\/2024\/09\/VYROCNI-ZPRAVA-2021.jpg\" alt=\"\" class=\"wp-image-4222 size-full\" srcset=\"https:\/\/bwindiorphans.org\/wp-content\/uploads\/2024\/09\/VYROCNI-ZPRAVA-2021.jpg 419w, https:\/\/bwindiorphans.org\/wp-content\/uploads\/2024\/09\/VYROCNI-ZPRAVA-2021-211x300.jpg 211w\" sizes=\"(max-width: 419px) 100vw, 419px\" \/><\/a><\/figure><div class=\"wp-block-media-text__content\">\n<p><a href=\"http:\/\/bwindiorphans.org\/wp-content\/uploads\/2024\/08\/VYROCNI_ZPRAVA_2021-2.pdf\" target=\"_blank\" rel=\"noreferrer noopener\">2021<\/a><\/p>\n<\/div><\/div>\n<\/div>\n<\/div>\n\n\n\n<div class=\"wp-block-columns is-layout-flex wp-container-8\">\n<div class=\"wp-block-column is-layout-flow\">\n<div class=\"wp-block-media-text alignwide is-stacked-on-mobile\"><figure class=\"wp-block-media-text__media\"><a href=\"http:\/\/bwindiorphans.org\/wp-content\/uploads\/2013\/12\/V\u00ddRO\u010cN\u00cd_ZPR\u00c1VA_2020.pdf\"><img decoding=\"async\" loading=\"lazy\" width=\"722\" height=\"1024\" src=\"http:\/\/bwindiorphans.org\/wp-content\/uploads\/2024\/09\/VYROCNI_ZPRAVA_2020-1-722x1024.jpg\" alt=\"\" class=\"wp-image-4198 size-full\" srcset=\"https:\/\/bwindiorphans.org\/wp-content\/uploads\/2024\/09\/VYROCNI_ZPRAVA_2020-1-722x1024.jpg 722w, https:\/\/bwindiorphans.org\/wp-content\/uploads\/2024\/09\/VYROCNI_ZPRAVA_2020-1-211x300.jpg 211w, https:\/\/bwindiorphans.org\/wp-content\/uploads\/2024\/09\/VYROCNI_ZPRAVA_2020-1-768x1090.jpg 768w, https:\/\/bwindiorphans.org\/wp-content\/uploads\/2024\/09\/VYROCNI_ZPRAVA_2020-1-1083x1536.jpg 1083w, https:\/\/bwindiorphans.org\/wp-content\/uploads\/2024\/09\/VYROCNI_ZPRAVA_2020-1-1444x2048.jpg 1444w, https:\/\/bwindiorphans.org\/wp-content\/uploads\/2024\/09\/VYROCNI_ZPRAVA_2020-1.jpg 1748w\" sizes=\"(max-width: 722px) 100vw, 722px\" \/><\/a><\/figure><div class=\"wp-block-media-text__content\">\n<p><a href=\"http:\/\/bwindiorphans.org\/wp-content\/uploads\/2013\/12\/V\u00ddRO\u010cN\u00cd_ZPR\u00c1VA_2020.pdf\" target=\"_blank\" rel=\"noreferrer noopener\">2020<\/a><\/p>\n<\/div><\/div>\n<\/div>\n\n\n\n<div class=\"wp-block-column is-layout-flow\">\n<div class=\"wp-block-media-text alignwide is-stacked-on-mobile\"><figure class=\"wp-block-media-text__media\"><a href=\"http:\/\/bwindiorphans.org\/wp-content\/uploads\/2021\/12\/V\u00ddRO\u010cN\u00cd-ZPR\u00c1VA-2019.pdf\"><img decoding=\"async\" loading=\"lazy\" width=\"419\" height=\"595\" src=\"http:\/\/bwindiorphans.org\/wp-content\/uploads\/2024\/09\/VYROCNi_ZPRAVA_2019-1.jpg\" alt=\"\" class=\"wp-image-4224 size-full\" srcset=\"https:\/\/bwindiorphans.org\/wp-content\/uploads\/2024\/09\/VYROCNi_ZPRAVA_2019-1.jpg 419w, https:\/\/bwindiorphans.org\/wp-content\/uploads\/2024\/09\/VYROCNi_ZPRAVA_2019-1-211x300.jpg 211w\" sizes=\"(max-width: 419px) 100vw, 419px\" \/><\/a><\/figure><div class=\"wp-block-media-text__content\">\n<p><a href=\"http:\/\/bwindiorphans.org\/wp-content\/uploads\/2021\/12\/V\u00ddRO\u010cN\u00cd-ZPR\u00c1VA-2019.pdf\" target=\"_blank\" rel=\"noreferrer noopener\">2019<\/a><\/p>\n<\/div><\/div>\n<\/div>\n\n\n\n<div class=\"wp-block-column is-layout-flow\">\n<div class=\"wp-block-media-text alignwide is-stacked-on-mobile\"><figure class=\"wp-block-media-text__media\"><a href=\"http:\/\/bwindiorphans.org\/wp-content\/uploads\/2013\/12\/V\u00ddRO\u010cN\u00cd-ZPR\u00c1VA-2018.pdf\"><img decoding=\"async\" loading=\"lazy\" width=\"419\" height=\"595\" src=\"http:\/\/bwindiorphans.org\/wp-content\/uploads\/2024\/09\/VYROCNI-ZPRAVA-2018-1.jpg\" alt=\"\" class=\"wp-image-4225 size-full\" srcset=\"https:\/\/bwindiorphans.org\/wp-content\/uploads\/2024\/09\/VYROCNI-ZPRAVA-2018-1.jpg 419w, https:\/\/bwindiorphans.org\/wp-content\/uploads\/2024\/09\/VYROCNI-ZPRAVA-2018-1-211x300.jpg 211w\" sizes=\"(max-width: 419px) 100vw, 419px\" \/><\/a><\/figure><div class=\"wp-block-media-text__content\">\n<p><a href=\"http:\/\/bwindiorphans.org\/wp-content\/uploads\/2013\/12\/V\u00ddRO\u010cN\u00cd-ZPR\u00c1VA-2018.pdf\" target=\"_blank\" rel=\"noreferrer noopener\">2018<\/a><\/p>\n<\/div><\/div>\n<\/div>\n<\/div>\n\n\n\n<div class=\"wp-block-columns is-layout-flex wp-container-12\">\n<div class=\"wp-block-column is-layout-flow\">\n<div class=\"wp-block-media-text alignwide is-stacked-on-mobile\"><figure class=\"wp-block-media-text__media\"><a href=\"http:\/\/bwindiorphans.org\/wp-content\/uploads\/2018\/09\/V\u00ddRO\u010cN\u00cd-ZPR\u00c1VA-2017.pdf\"><img decoding=\"async\" loading=\"lazy\" width=\"419\" height=\"595\" src=\"http:\/\/bwindiorphans.org\/wp-content\/uploads\/2024\/09\/VYROCNI-ZPRAVA-2017.jpg\" alt=\"\" class=\"wp-image-4203 size-full\" srcset=\"https:\/\/bwindiorphans.org\/wp-content\/uploads\/2024\/09\/VYROCNI-ZPRAVA-2017.jpg 419w, https:\/\/bwindiorphans.org\/wp-content\/uploads\/2024\/09\/VYROCNI-ZPRAVA-2017-211x300.jpg 211w\" sizes=\"(max-width: 419px) 100vw, 419px\" \/><\/a><\/figure><div class=\"wp-block-media-text__content\">\n<p><a href=\"http:\/\/bwindiorphans.org\/wp-content\/uploads\/2018\/09\/V\u00ddRO\u010cN\u00cd-ZPR\u00c1VA-2017.pdf\" target=\"_blank\" rel=\"noreferrer noopener\">2017<\/a><\/p>\n<\/div><\/div>\n<\/div>\n\n\n\n<div class=\"wp-block-column is-layout-flow\">\n<div class=\"wp-block-media-text alignwide is-stacked-on-mobile\"><figure class=\"wp-block-media-text__media\"><a href=\"wp-content\/uploads\/2013\/12\/V\u00ddRO\u010cN\u00cd-ZPR\u00c1VA-2016.pdf\"><img decoding=\"async\" loading=\"lazy\" width=\"419\" height=\"595\" src=\"http:\/\/bwindiorphans.org\/wp-content\/uploads\/2024\/09\/VYROCNI-ZPRAVA-2016.jpg\" alt=\"\" class=\"wp-image-4205 size-full\" srcset=\"https:\/\/bwindiorphans.org\/wp-content\/uploads\/2024\/09\/VYROCNI-ZPRAVA-2016.jpg 419w, https:\/\/bwindiorphans.org\/wp-content\/uploads\/2024\/09\/VYROCNI-ZPRAVA-2016-211x300.jpg 211w\" sizes=\"(max-width: 419px) 100vw, 419px\" \/><\/a><\/figure><div class=\"wp-block-media-text__content\">\n<p><a href=\"http:\/\/wp-content\/uploads\/2013\/12\/V\u00ddRO\u010cN\u00cd-ZPR\u00c1VA-2016.pdf\" target=\"_blank\" rel=\"noreferrer noopener\">2016<\/a><\/p>\n<\/div><\/div>\n<\/div>\n\n\n\n<div class=\"wp-block-column is-layout-flow\">\n<div class=\"wp-block-media-text alignwide is-stacked-on-mobile\"><figure class=\"wp-block-media-text__media\"><a href=\"wp-content\/uploads\/2013\/12\/V\u00ddRO\u010cN\u00cd-ZPR\u00c1VA-2015.pdf\"><img decoding=\"async\" loading=\"lazy\" width=\"419\" height=\"595\" src=\"http:\/\/bwindiorphans.org\/wp-content\/uploads\/2024\/09\/VYROCNI-ZPRAVA-2015.jpg\" alt=\"\" class=\"wp-image-4206 size-full\" srcset=\"https:\/\/bwindiorphans.org\/wp-content\/uploads\/2024\/09\/VYROCNI-ZPRAVA-2015.jpg 419w, https:\/\/bwindiorphans.org\/wp-content\/uploads\/2024\/09\/VYROCNI-ZPRAVA-2015-211x300.jpg 211w\" sizes=\"(max-width: 419px) 100vw, 419px\" \/><\/a><\/figure><div class=\"wp-block-media-text__content\">\n<p><a href=\"http:\/\/wp-content\/uploads\/2013\/12\/V\u00ddRO\u010cN\u00cd-ZPR\u00c1VA-2015.pdf\" target=\"_blank\" rel=\"noreferrer noopener\">2015<\/a><\/p>\n<\/div><\/div>\n<\/div>\n<\/div>\n\n\n\n<div class=\"wp-block-columns is-layout-flex wp-container-16\">\n<div class=\"wp-block-column is-layout-flow\">\n<div class=\"wp-block-media-text alignwide is-stacked-on-mobile\"><figure class=\"wp-block-media-text__media\"><a href=\"wp-content\/uploads\/2013\/12\/vz_bwindi_14.pdf\"><img decoding=\"async\" loading=\"lazy\" width=\"419\" height=\"595\" src=\"http:\/\/bwindiorphans.org\/wp-content\/uploads\/2024\/09\/VYROCNI-ZPRAVA-2014.jpg\" alt=\"\" class=\"wp-image-4208 size-full\" srcset=\"https:\/\/bwindiorphans.org\/wp-content\/uploads\/2024\/09\/VYROCNI-ZPRAVA-2014.jpg 419w, https:\/\/bwindiorphans.org\/wp-content\/uploads\/2024\/09\/VYROCNI-ZPRAVA-2014-211x300.jpg 211w\" sizes=\"(max-width: 419px) 100vw, 419px\" \/><\/a><\/figure><div class=\"wp-block-media-text__content\">\n<p><a href=\"http:\/\/wp-content\/uploads\/2013\/12\/vz_bwindi_14.pdf\" target=\"_blank\" rel=\"noreferrer noopener\">2014<\/a><\/p>\n<\/div><\/div>\n<\/div>\n\n\n\n<div class=\"wp-block-column is-layout-flow\">\n<div class=\"wp-block-media-text alignwide is-stacked-on-mobile\"><figure class=\"wp-block-media-text__media\"><a href=\"wp-content\/uploads\/2013\/12\/vz_bwindi_13.pdf\"><img decoding=\"async\" loading=\"lazy\" width=\"419\" height=\"595\" src=\"http:\/\/bwindiorphans.org\/wp-content\/uploads\/2024\/09\/VYROCNI-ZPRAVA-2013.jpg\" alt=\"\" class=\"wp-image-4209 size-full\" srcset=\"https:\/\/bwindiorphans.org\/wp-content\/uploads\/2024\/09\/VYROCNI-ZPRAVA-2013.jpg 419w, https:\/\/bwindiorphans.org\/wp-content\/uploads\/2024\/09\/VYROCNI-ZPRAVA-2013-211x300.jpg 211w\" sizes=\"(max-width: 419px) 100vw, 419px\" \/><\/a><\/figure><div class=\"wp-block-media-text__content\">\n<p><a href=\"http:\/\/wp-content\/uploads\/2013\/12\/vz_bwindi_13.pdf\" target=\"_blank\" rel=\"noreferrer noopener\">2013<\/a><\/p>\n<\/div><\/div>\n<\/div>\n\n\n\n<div class=\"wp-block-column is-layout-flow\">\n<div class=\"wp-block-media-text alignwide is-stacked-on-mobile\"><figure class=\"wp-block-media-text__media\"><a href=\"wp-content\/uploads\/2013\/12\/vz_bwindi_12.pdf\"><img decoding=\"async\" loading=\"lazy\" width=\"419\" height=\"595\" src=\"http:\/\/bwindiorphans.org\/wp-content\/uploads\/2024\/09\/VYROCNI-ZPRAVA-2012.jpg\" alt=\"\" class=\"wp-image-4210 size-full\" srcset=\"https:\/\/bwindiorphans.org\/wp-content\/uploads\/2024\/09\/VYROCNI-ZPRAVA-2012.jpg 419w, https:\/\/bwindiorphans.org\/wp-content\/uploads\/2024\/09\/VYROCNI-ZPRAVA-2012-211x300.jpg 211w\" sizes=\"(max-width: 419px) 100vw, 419px\" \/><\/a><\/figure><div class=\"wp-block-media-text__content\">\n<p><a href=\"http:\/\/wp-content\/uploads\/2013\/12\/vz_bwindi_12.pdf\" target=\"_blank\" rel=\"noreferrer noopener\">2012<\/a><\/p>\n<\/div><\/div>\n<\/div>\n<\/div>\n\n\n\n<div class=\"wp-block-columns is-layout-flex wp-container-20\">\n<div class=\"wp-block-column is-layout-flow\">\n<div class=\"wp-block-media-text alignwide is-stacked-on-mobile\"><figure class=\"wp-block-media-text__media\"><a href=\"wp-content\/uploads\/2013\/12\/vz_bwindi_11.pdf\"><img decoding=\"async\" loading=\"lazy\" width=\"419\" height=\"595\" src=\"http:\/\/bwindiorphans.org\/wp-content\/uploads\/2024\/09\/VYROCNI-ZPRAVA-2011.jpg\" alt=\"\" class=\"wp-image-4212 size-full\" srcset=\"https:\/\/bwindiorphans.org\/wp-content\/uploads\/2024\/09\/VYROCNI-ZPRAVA-2011.jpg 419w, https:\/\/bwindiorphans.org\/wp-content\/uploads\/2024\/09\/VYROCNI-ZPRAVA-2011-211x300.jpg 211w\" sizes=\"(max-width: 419px) 100vw, 419px\" \/><\/a><\/figure><div class=\"wp-block-media-text__content\">\n<p><a href=\"http:\/\/wp-content\/uploads\/2013\/12\/vz_bwindi_11.pdf\" target=\"_blank\" rel=\"noreferrer noopener\">2011<\/a><\/p>\n<\/div><\/div>\n<\/div>\n\n\n\n<div class=\"wp-block-column is-layout-flow\">\n<div class=\"wp-block-media-text alignwide is-stacked-on-mobile\"><figure class=\"wp-block-media-text__media\"><a href=\"wp-content\/uploads\/2013\/12\/vz_bwindi_10.pdf\"><img decoding=\"async\" loading=\"lazy\" width=\"419\" height=\"595\" src=\"http:\/\/bwindiorphans.org\/wp-content\/uploads\/2024\/09\/VYROCNI-ZPRAVA-2010.jpg\" alt=\"\" class=\"wp-image-4213 size-full\" srcset=\"https:\/\/bwindiorphans.org\/wp-content\/uploads\/2024\/09\/VYROCNI-ZPRAVA-2010.jpg 419w, https:\/\/bwindiorphans.org\/wp-content\/uploads\/2024\/09\/VYROCNI-ZPRAVA-2010-211x300.jpg 211w\" sizes=\"(max-width: 419px) 100vw, 419px\" \/><\/a><\/figure><div class=\"wp-block-media-text__content\">\n<p><a href=\"http:\/\/wp-content\/uploads\/2013\/12\/vz_bwindi_10.pdf\" target=\"_blank\" rel=\"noreferrer noopener\">2010<\/a><\/p>\n<\/div><\/div>\n<\/div>\n\n\n\n<div class=\"wp-block-column is-layout-flow\">\n<div class=\"wp-block-media-text alignwide is-stacked-on-mobile\"><figure class=\"wp-block-media-text__media\"><a href=\"wp-content\/uploads\/2013\/12\/vz_bwindi_09.pdf\"><img decoding=\"async\" loading=\"lazy\" width=\"419\" height=\"595\" src=\"http:\/\/bwindiorphans.org\/wp-content\/uploads\/2024\/09\/VYROCNI-ZPRAVA-2009.jpg\" alt=\"\" class=\"wp-image-4214 size-full\" srcset=\"https:\/\/bwindiorphans.org\/wp-content\/uploads\/2024\/09\/VYROCNI-ZPRAVA-2009.jpg 419w, https:\/\/bwindiorphans.org\/wp-content\/uploads\/2024\/09\/VYROCNI-ZPRAVA-2009-211x300.jpg 211w\" sizes=\"(max-width: 419px) 100vw, 419px\" \/><\/a><\/figure><div class=\"wp-block-media-text__content\">\n<p><a href=\"http:\/\/wp-content\/uploads\/2013\/12\/vz_bwindi_09.pdf\" target=\"_blank\" rel=\"noreferrer noopener\">2009<\/a><\/p>\n<\/div><\/div>\n<\/div>\n<\/div>\n\n\n\n<div class=\"wp-block-columns is-layout-flex wp-container-23\">\n<div class=\"wp-block-column is-layout-flow\">\n<div class=\"wp-block-media-text alignwide is-stacked-on-mobile\" style=\"grid-template-columns:31% auto\"><figure class=\"wp-block-media-text__media\"><a href=\"wp-content\/uploads\/2013\/12\/vz_bwindi_08.pdf\"><img decoding=\"async\" loading=\"lazy\" width=\"419\" height=\"595\" src=\"http:\/\/bwindiorphans.org\/wp-content\/uploads\/2024\/09\/VYROCNI-ZPRAVA-2008.jpg\" alt=\"\" class=\"wp-image-4216 size-full\" srcset=\"https:\/\/bwindiorphans.org\/wp-content\/uploads\/2024\/09\/VYROCNI-ZPRAVA-2008.jpg 419w, https:\/\/bwindiorphans.org\/wp-content\/uploads\/2024\/09\/VYROCNI-ZPRAVA-2008-211x300.jpg 211w\" sizes=\"(max-width: 419px) 100vw, 419px\" \/><\/a><\/figure><div class=\"wp-block-media-text__content\">\n<p><a href=\"http:\/\/wp-content\/uploads\/2013\/12\/vz_bwindi_08.pdf\" target=\"_blank\" rel=\"noreferrer noopener\">2008<\/a><\/p>\n<\/div><\/div>\n<\/div>\n\n\n\n<div class=\"wp-block-column is-layout-flow\">\n<div class=\"wp-block-media-text alignwide is-stacked-on-mobile\" style=\"grid-template-columns:31% auto\"><figure class=\"wp-block-media-text__media\"><a href=\"wp-content\/uploads\/2013\/12\/vz_bwindi_07.pdf\"><img decoding=\"async\" loading=\"lazy\" width=\"419\" height=\"595\" src=\"http:\/\/bwindiorphans.org\/wp-content\/uploads\/2024\/09\/VYROCNI-ZPRAVA-2007.jpg\" alt=\"\" class=\"wp-image-4217 size-full\" srcset=\"https:\/\/bwindiorphans.org\/wp-content\/uploads\/2024\/09\/VYROCNI-ZPRAVA-2007.jpg 419w, https:\/\/bwindiorphans.org\/wp-content\/uploads\/2024\/09\/VYROCNI-ZPRAVA-2007-211x300.jpg 211w\" sizes=\"(max-width: 419px) 100vw, 419px\" \/><\/a><\/figure><div class=\"wp-block-media-text__content\">\n<p><a href=\"http:\/\/wp-content\/uploads\/2013\/12\/vz_bwindi_07.pdf\" target=\"_blank\" rel=\"noreferrer noopener\">2007<\/a><\/p>\n<\/div><\/div>\n<\/div>\n<\/div>\n","protected":false},"excerpt":{"rendered":"<p>2023 2022 2021 2020 2019 2018 2017 2016 2015 2014 2013 2012 2011 2010 2009 2008 2007<\/p>\n","protected":false},"author":2,"featured_media":3999,"parent":11,"menu_order":0,"comment_status":"open","ping_status":"open","template":"","meta":[],"_links":{"self":[{"href":"https:\/\/bwindiorphans.org\/index.php?rest_route=\/wp\/v2\/pages\/297"}],"collection":[{"href":"https:\/\/bwindiorphans.org\/index.php?rest_route=\/wp\/v2\/pages"}],"about":[{"href":"https:\/\/bwindiorphans.org\/index.php?rest_route=\/wp\/v2\/types\/page"}],"author":[{"embeddable":true,"href":"https:\/\/bwindiorphans.org\/index.php?rest_route=\/wp\/v2\/users\/2"}],"replies":[{"embeddable":true,"href":"https:\/\/bwindiorphans.org\/index.php?rest_route=%2Fwp%2Fv2%2Fcomments&post=297"}],"version-history":[{"count":74,"href":"https:\/\/bwindiorphans.org\/index.php?rest_route=\/wp\/v2\/pages\/297\/revisions"}],"predecessor-version":[{"id":4226,"href":"https:\/\/bwindiorphans.org\/index.php?rest_route=\/wp\/v2\/pages\/297\/revisions\/4226"}],"up":[{"embeddable":true,"href":"https:\/\/bwindiorphans.org\/index.php?rest_route=\/wp\/v2\/pages\/11"}],"wp:featuredmedia":[{"embeddable":true,"href":"https:\/\/bwindiorphans.org\/index.php?rest_route=\/wp\/v2\/media\/3999"}],"wp:attachment":[{"href":"https:\/\/bwindiorphans.org\/index.php?rest_route=%2Fwp%2Fv2%2Fmedia&parent=297"}],"curies":[{"name":"wp","href":"https:\/\/api.w.org\/{rel}","templated":true}]}}