{"id":258,"date":"2013-12-16T09:50:04","date_gmt":"2013-12-16T09:50:04","guid":{"rendered":"http:\/\/bwindiorphans.org\/?page_id=258"},"modified":"2020-12-12T19:22:43","modified_gmt":"2020-12-12T19:22:43","slug":"verejna-sbirka","status":"publish","type":"page","link":"https:\/\/bwindiorphans.org\/?page_id=258","title":{"rendered":"Vzd\u011bl\u00e1vac\u00ed centrum"},"content":{"rendered":"<h1>Vzd\u011bl\u00e1vac\u00ed centrum<\/h1>\n<p dir=\"LTR\" align=\"LEFT\">Vzd\u011bl\u00e1v\u00e1n\u00ed ve st\u00e1tn\u00edch z\u00e1kladn\u00edch \u0161kol\u00e1ch v&nbsp;Ugand\u011b je bezplatn\u00e9. Ve st\u00e1tn\u00edch \u0161kol\u00e1ch je v\u0161ak nedostatek dobr\u00fdch u\u010ditel\u016f a&nbsp;p\u0159ebytek \u017e\u00e1k\u016f. \u00darove\u0148 vzd\u011bl\u00e1v\u00e1n\u00ed ve st\u00e1tn\u00edch z\u00e1kladn\u00edch \u0161kol\u00e1ch je obecn\u011b hor\u0161\u00ed. \u0160anci na kvalitn\u00ed vzd\u011bl\u00e1n\u00ed maj\u00ed d\u011bti ve \u0161kol\u00e1ch soukrom\u00fdch.<\/p>\n<p dir=\"LTR\" align=\"LEFT\">Nejide\u00e1ln\u011bj\u0161\u00ed by bylo provozovat vlastn\u00ed soukromou \u0161kolu, kter\u00e1 by byla jen dle na\u0161ich p\u0159edstav a&nbsp;slou\u017eila t\u011bm nejchud\u0161\u00edm d\u011btem ve vesnici. N\u00e1\u0161 sen o&nbsp;takov\u00e9 \u0161kole se rozplynul pro jeho finan\u010dn\u00ed n\u00e1ro\u010dnost. Nav\u00edc k&nbsp;cest\u011b za soukromou \u0161kolou by n\u00e1s \u010dekalo i&nbsp;mnoho administrativn\u00edch p\u0159ek\u00e1\u017eek, kter\u00e9 bychom jako cizinci stoj\u00edc\u00ed mimo m\u00edstn\u00ed politickou reprezentaci jen st\u011b\u017e\u00ed mohli p\u0159ekonat.<\/p>\n<p dir=\"LTR\" align=\"LEFT\">Jako nejsch\u016fdn\u011bj\u0161\u00ed \u0159e\u0161en\u00ed se tedy jev\u00ed vybudov\u00e1n\u00ed vzd\u011bl\u00e1vac\u00edho centra, kter\u00e9 bude mimo ofici\u00e1ln\u00ed vzd\u011bl\u00e1vac\u00ed syst\u00e9m. Centra, kter\u00e9 nebude z\u00e1visl\u00e9 na moment\u00e1ln\u00ed politick\u00e9 lok\u00e1ln\u00ed situaci. Centra, kam budou d\u011bti doch\u00e1zet po \u0161koln\u00ed v\u00fduce.<\/p>\n<p dir=\"LTR\" align=\"LEFT\"><strong>Centrum bude d\u011btem zejm\u00e9na<\/strong>:<\/p>\n<p dir=\"LTR\" align=\"LEFT\">\u2022 poskytovat prostor a&nbsp;\u010das na p\u0159\u00edpravu do \u0161koly a&nbsp;pomoc s&nbsp;\u00fakoly do \u0161koly,<br \/>\n\u2022 nab\u00edzet z\u00e1kladn\u00ed \u0161koln\u00ed u\u010debnice a&nbsp;dal\u0161\u00edch knihy pro mimo\u0161koln\u00ed vzd\u011bl\u00e1v\u00e1n\u00ed,<br \/>\n\u2022 nab\u00edzet z\u00e1kladn\u00ed pot\u0159eby pro v\u00fduku praktick\u00fdch \u0159emesln\u00fdch schopnost\u00ed,<br \/>\n\u2022 poskytovat odborn\u00fd dozor nad d\u011btmi v&nbsp;jejich voln\u00e9m mimo\u0161koln\u00edm \u010dase,<br \/>\n\u2022 umo\u017e\u0148ovat pravideln\u00e9 sch\u016fzky s&nbsp;na\u0161imi spolupracovn\u00edky Herbertem a&nbsp;s Medardem,<br \/>\nkter\u00fd t\u00edm p\u00e1dem bude m\u00edt d\u011bti pod neust\u00e1l\u00fdm l\u00e9ka\u0159sk\u00fdm dohledem,<br \/>\n\u2022 poskytovat prostor k&nbsp;setk\u00e1v\u00e1n\u00ed d\u011bt\u00ed, kter\u00e9 jsou na z\u00e1kladn\u00ed a&nbsp;na st\u0159edn\u00ed \u0161kole a&nbsp;t\u00edm jim<br \/>\nroz\u0161\u00ed\u0159it spole\u010densk\u00fd rozhled a&nbsp;pomoci v&nbsp;dal\u0161\u00edm rozhodov\u00e1n\u00ed,<br \/>\n\u2022 poskytovat \u010das a&nbsp;prostor pro z\u00e1bavu \u2013 tanec, sport, malov\u00e1n\u00ed apod.<\/p>\n<p>Postupn\u011b, a\u017e bude vytvo\u0159en\u00e1 dostate\u010dn\u00e1 infrastruktura, z\u0159\u00edd\u00edme p\u0159\u00edpojn\u00fd bod s\u00edt\u011b Internet a&nbsp;t\u00edm zajist\u00edme dal\u0161\u00ed rozvoj mo\u017enost\u00ed vzd\u011bl\u00e1v\u00e1n\u00ed d\u011bt\u00ed. Po\u010d\u00edt\u00e1me tak\u00e9 s&nbsp;p\u0159\u00edpadn\u00fdm zapojen\u00edm dobrovoln\u00edk\u016f z&nbsp;\u010cesk\u00e9 republiky, kte\u0159\u00ed by se na zaji\u0161t\u011bn\u00ed chodu vzd\u011bl\u00e1vac\u00edho centra pod\u00edleli.<\/p>\n<p dir=\"LTR\" align=\"LEFT\">Vzd\u011bl\u00e1vac\u00ed centrum bude tak\u00e9 m\u00edstem, kde se budou sch\u00e1zet matky, tety, babi\u010dky a&nbsp;dal\u0161\u00ed rodinn\u00ed p\u0159\u00edslu\u0161n\u00edci sponzorovan\u00fdch d\u011bt\u00ed, aby se vz\u00e1jemn\u011b pod\u011blili o&nbsp;rukod\u011bln\u00e9 schopnosti a&nbsp;dok\u00e1zali vyroben\u00e9 zbo\u017e\u00ed co nejl\u00e9pe nab\u00edzet na trhu.<\/p>\n<p dir=\"LTR\" align=\"LEFT\">V&nbsp;\u0159\u00edjnu 2014 skon\u010dila na\u0161e ve\u0159ejn\u00e1 sb\u00edrka na stavbu, vybaven\u00ed a&nbsp;provoz vzd\u011bl\u00e1vac\u00edho centra pro d\u011bti v&nbsp;Ugand\u011b, v&nbsp;oblasti Bwindi. Vybrali jsme kr\u00e1sn\u00fdch 193.174,62 K\u010d. Vybran\u00e1 \u010d\u00e1stka n\u00e1m v\u0161ak vysta\u010dila pouze na vybudov\u00e1n\u00ed vodovodn\u00ed p\u0159\u00edpojky, such\u00e9ho WC a&nbsp;z\u00e1kladov\u00e9 desky pro budovu.<\/p>\n<p dir=\"LTR\" align=\"LEFT\"><strong>Na vlastn\u00ed stavbu pot\u0159ebujeme dal\u0161\u00edch nejm\u00e9n\u011b 500.000 K\u010d<\/strong>. Budeme vd\u011b\u010dni za ka\u017ed\u00fd p\u0159\u00edsp\u011bvek zaslan\u00fd na \u00fa\u010det \u010d. <strong>2600990422\/2010<\/strong>, variabiln\u00ed symbol <strong>5001<\/strong> \u2013 stavba.<\/p>\n<p>Na t\u00e9to str\u00e1nce m\u016f\u017eete sledovat, jak se n\u00e1\u0161 sen o&nbsp;vzd\u011bl\u00e1vac\u00edm centru postupn\u011b napl\u0148uje.<\/p>\n<p>&nbsp;<\/p>\n<p><strong>Na\u0161e p\u0159edstava \u00a0\u00a0<\/strong><\/p>\n<p><a href=\"http:\/\/bwindiorphans.org\/wp-content\/uploads\/2013\/12\/v2-cam2.jpg\"><img decoding=\"async\" loading=\"lazy\" class=\"alignleft size-medium wp-image-2393\" src=\"http:\/\/bwindiorphans.org\/wp-content\/uploads\/2013\/12\/v2-cam2-300x214.jpg\" alt=\"v2-cam2\" width=\"300\" height=\"214\" srcset=\"https:\/\/bwindiorphans.org\/wp-content\/uploads\/2013\/12\/v2-cam2-300x214.jpg 300w, https:\/\/bwindiorphans.org\/wp-content\/uploads\/2013\/12\/v2-cam2-1024x732.jpg 1024w\" sizes=\"(max-width: 300px) 100vw, 300px\" \/><\/a><\/p>\n<p>&nbsp;<\/p>\n<p>&nbsp;<\/p>\n<p>&nbsp;<\/p>\n<p>&nbsp;<\/p>\n<p>&nbsp;<\/p>\n<p><strong>Co je u\u017e hotovo:<\/strong><\/p>\n<p><strong>Vlastn\u00edme pozemek ur\u010den\u00fd na stavbu centra<br \/>\n<\/strong><\/p>\n<p style=\"text-align: justify;\"><a href=\"http:\/\/bwindiorphans.org\/wp-content\/uploads\/2013\/12\/P10107331.jpg\"><img decoding=\"async\" loading=\"lazy\" class=\" wp-image-2213 size-medium alignleft\" src=\"http:\/\/bwindiorphans.org\/wp-content\/uploads\/2013\/12\/P10107331-300x225.jpg\" alt=\"\" width=\"300\" height=\"225\" srcset=\"https:\/\/bwindiorphans.org\/wp-content\/uploads\/2013\/12\/P10107331-300x225.jpg 300w, https:\/\/bwindiorphans.org\/wp-content\/uploads\/2013\/12\/P10107331-1024x768.jpg 1024w\" sizes=\"(max-width: 300px) 100vw, 300px\" \/><\/a>\u00a0\u00a0<a href=\"http:\/\/bwindiorphans.org\/wp-content\/uploads\/2013\/12\/P3120011.jpg\"><img decoding=\"async\" loading=\"lazy\" class=\"alignnone size-medium wp-image-2211\" src=\"http:\/\/bwindiorphans.org\/wp-content\/uploads\/2013\/12\/P3120011-300x225.jpg\" alt=\"\" width=\"300\" height=\"225\" srcset=\"https:\/\/bwindiorphans.org\/wp-content\/uploads\/2013\/12\/P3120011-300x225.jpg 300w, https:\/\/bwindiorphans.org\/wp-content\/uploads\/2013\/12\/P3120011-1024x768.jpg 1024w\" sizes=\"(max-width: 300px) 100vw, 300px\" \/><\/a><\/p>\n<p style=\"text-align: justify;\"><strong>Na pozemku byla vybudov\u00e1na odd\u011blen\u00e1 WC pro chlapce a&nbsp;d\u00edvky.<br \/>\n<\/strong><\/p>\n<p><a href=\"http:\/\/bwindiorphans.org\/wp-content\/uploads\/2013\/12\/UGA5632.jpg\"><img decoding=\"async\" loading=\"lazy\" src=\"http:\/\/bwindiorphans.org\/wp-content\/uploads\/2013\/12\/P1110366-300x225.jpg\" alt=\"\" width=\"295\" height=\"221\" \/>\u00a0\u00a0<\/a><a href=\"http:\/\/bwindiorphans.org\/wp-content\/uploads\/2013\/12\/UGA5632.jpg\"><img decoding=\"async\" loading=\"lazy\" class=\"alignnone wp-image-2177\" src=\"http:\/\/bwindiorphans.org\/wp-content\/uploads\/2013\/12\/P1110393-225x300.jpg\" alt=\"\" width=\"169\" height=\"225\" srcset=\"https:\/\/bwindiorphans.org\/wp-content\/uploads\/2013\/12\/P1110393-225x300.jpg 225w, https:\/\/bwindiorphans.org\/wp-content\/uploads\/2013\/12\/P1110393.jpg 480w\" sizes=\"(max-width: 169px) 100vw, 169px\" \/><\/a>\u00a0\u00a0<a href=\"http:\/\/bwindiorphans.org\/wp-content\/uploads\/2013\/12\/UGA5632.jpg\"><img decoding=\"async\" loading=\"lazy\" class=\"alignnone wp-image-2175\" src=\"http:\/\/bwindiorphans.org\/wp-content\/uploads\/2013\/12\/UGA5630-199x300.jpg\" alt=\"\" width=\"149\" height=\"225\" srcset=\"https:\/\/bwindiorphans.org\/wp-content\/uploads\/2013\/12\/UGA5630-199x300.jpg 199w, https:\/\/bwindiorphans.org\/wp-content\/uploads\/2013\/12\/UGA5630-680x1024.jpg 680w\" sizes=\"(max-width: 149px) 100vw, 149px\" \/><\/a><\/p>\n<p><strong>M\u00e1me p\u0159ivedenou vodu<\/strong><\/p>\n<p><a href=\"http:\/\/bwindiorphans.org\/wp-content\/uploads\/2013\/12\/P1100342.jpg\"><img decoding=\"async\" loading=\"lazy\" class=\"alignnone size-medium wp-image-2181\" src=\"http:\/\/bwindiorphans.org\/wp-content\/uploads\/2013\/12\/P1100342-300x225.jpg\" alt=\"\" width=\"300\" height=\"225\" srcset=\"https:\/\/bwindiorphans.org\/wp-content\/uploads\/2013\/12\/P1100342-300x225.jpg 300w, https:\/\/bwindiorphans.org\/wp-content\/uploads\/2013\/12\/P1100342.jpg 640w\" sizes=\"(max-width: 300px) 100vw, 300px\" \/>\u00a0\u00a0 <\/a><a href=\"http:\/\/bwindiorphans.org\/wp-content\/uploads\/2013\/12\/UGA56231.jpg\"><img decoding=\"async\" loading=\"lazy\" class=\"alignnone  wp-image-2184\" src=\"http:\/\/bwindiorphans.org\/wp-content\/uploads\/2013\/12\/UGA56231-300x199.jpg\" alt=\"\" width=\"338\" height=\"224\" srcset=\"https:\/\/bwindiorphans.org\/wp-content\/uploads\/2013\/12\/UGA56231-300x199.jpg 300w, https:\/\/bwindiorphans.org\/wp-content\/uploads\/2013\/12\/UGA56231-1024x680.jpg 1024w\" sizes=\"(max-width: 338px) 100vw, 338px\" \/><\/a><\/p>\n<p><strong>6. \u0159\u00edjna 2015 byla podeps\u00e1na smlouva na vybudov\u00e1n\u00ed z\u00e1klad\u016f<br \/>\n<\/strong><\/p>\n<p><a href=\"http:\/\/bwindiorphans.org\/wp-content\/uploads\/2013\/12\/Contract-agreement-1.jpeg\"><img decoding=\"async\" loading=\"lazy\" class=\"alignnone  wp-image-2189\" src=\"http:\/\/bwindiorphans.org\/wp-content\/uploads\/2013\/12\/Contract-agreement-1-245x300.jpeg\" alt=\"\" width=\"243\" height=\"298\" srcset=\"https:\/\/bwindiorphans.org\/wp-content\/uploads\/2013\/12\/Contract-agreement-1-245x300.jpeg 245w, https:\/\/bwindiorphans.org\/wp-content\/uploads\/2013\/12\/Contract-agreement-1.jpeg 336w\" sizes=\"(max-width: 243px) 100vw, 243px\" \/><\/a>\u00a0\u00a0 \u00a0\u00a0 <a href=\"http:\/\/bwindiorphans.org\/wp-content\/uploads\/2013\/12\/contract-agreement-part-II.jpeg\"><img decoding=\"async\" loading=\"lazy\" class=\"alignnone size-medium wp-image-2191\" src=\"http:\/\/bwindiorphans.org\/wp-content\/uploads\/2013\/12\/contract-agreement-part-II-201x300.jpeg\" alt=\"\" width=\"201\" height=\"300\" srcset=\"https:\/\/bwindiorphans.org\/wp-content\/uploads\/2013\/12\/contract-agreement-part-II-201x300.jpeg 201w, https:\/\/bwindiorphans.org\/wp-content\/uploads\/2013\/12\/contract-agreement-part-II.jpeg 225w\" sizes=\"(max-width: 201px) 100vw, 201px\" \/><\/a><\/p>\n<p><strong>8. \u0159\u00edjna 2015 za\u010daly ter\u00e9nn\u00ed \u00fapravy<\/strong><\/p>\n<p><a href=\"http:\/\/bwindiorphans.org\/wp-content\/uploads\/2013\/12\/Bwindi-Orphans-Work-starts-now-3-8.10.2015.jpg\"><img decoding=\"async\" loading=\"lazy\" class=\"alignnone size-medium wp-image-2199\" src=\"http:\/\/bwindiorphans.org\/wp-content\/uploads\/2013\/12\/Bwindi-Orphans-Work-starts-now-3-8.10.2015-300x225.jpg\" alt=\"\" width=\"300\" height=\"225\" srcset=\"https:\/\/bwindiorphans.org\/wp-content\/uploads\/2013\/12\/Bwindi-Orphans-Work-starts-now-3-8.10.2015-300x225.jpg 300w, https:\/\/bwindiorphans.org\/wp-content\/uploads\/2013\/12\/Bwindi-Orphans-Work-starts-now-3-8.10.2015.jpg 448w\" sizes=\"(max-width: 300px) 100vw, 300px\" \/><\/a><span style=\"color: #ffffff;\">\u00a0 \u00a0<\/span><a href=\"http:\/\/bwindiorphans.org\/wp-content\/uploads\/2013\/12\/Site-clearing-Levelling-7.jpg\"><img decoding=\"async\" loading=\"lazy\" class=\"alignnone size-medium wp-image-2204\" src=\"http:\/\/bwindiorphans.org\/wp-content\/uploads\/2013\/12\/Site-clearing-Levelling-7-300x225.jpg\" alt=\"\" width=\"300\" height=\"225\" srcset=\"https:\/\/bwindiorphans.org\/wp-content\/uploads\/2013\/12\/Site-clearing-Levelling-7-300x225.jpg 300w, https:\/\/bwindiorphans.org\/wp-content\/uploads\/2013\/12\/Site-clearing-Levelling-7.jpg 448w\" sizes=\"(max-width: 300px) 100vw, 300px\" \/><\/a><\/p>\n<p><strong>26. \u0159\u00edjna 2015 &#8211; postup prac\u00ed<\/strong><\/p>\n<p><a href=\"http:\/\/bwindiorphans.org\/wp-content\/uploads\/2013\/12\/Trench-being-built-1.jpg\"><img decoding=\"async\" loading=\"lazy\" class=\"alignnone size-medium wp-image-2219\" src=\"http:\/\/bwindiorphans.org\/wp-content\/uploads\/2013\/12\/Trench-being-built-1-300x225.jpg\" alt=\"??????????????????????\" width=\"300\" height=\"225\" srcset=\"https:\/\/bwindiorphans.org\/wp-content\/uploads\/2013\/12\/Trench-being-built-1-300x225.jpg 300w, https:\/\/bwindiorphans.org\/wp-content\/uploads\/2013\/12\/Trench-being-built-1.jpg 448w\" sizes=\"(max-width: 300px) 100vw, 300px\" \/><\/a>\u00a0\u00a0 <a href=\"http:\/\/bwindiorphans.org\/wp-content\/uploads\/2013\/12\/Trench-being-built-5.jpg\"><img decoding=\"async\" loading=\"lazy\" class=\"alignnone size-medium wp-image-2220\" src=\"http:\/\/bwindiorphans.org\/wp-content\/uploads\/2013\/12\/Trench-being-built-5-300x225.jpg\" alt=\"??????????????????????\" width=\"300\" height=\"225\" srcset=\"https:\/\/bwindiorphans.org\/wp-content\/uploads\/2013\/12\/Trench-being-built-5-300x225.jpg 300w, https:\/\/bwindiorphans.org\/wp-content\/uploads\/2013\/12\/Trench-being-built-5.jpg 448w\" sizes=\"(max-width: 300px) 100vw, 300px\" \/><\/a><\/p>\n<p><strong>18. prosince 2015\u00a0&#8211;\u00a0z\u00e1kladov\u00e1 deska hotova<\/strong><\/p>\n<p><a href=\"http:\/\/bwindiorphans.org\/wp-content\/uploads\/2013\/12\/PB210296.jpg\"><img decoding=\"async\" loading=\"lazy\" class=\"alignleft wp-image-2396 size-medium\" src=\"http:\/\/bwindiorphans.org\/wp-content\/uploads\/2013\/12\/PB210296-300x225.jpg\" alt=\"OLYMPUS DIGITAL CAMERA\" width=\"300\" height=\"225\" srcset=\"https:\/\/bwindiorphans.org\/wp-content\/uploads\/2013\/12\/PB210296-300x225.jpg 300w, https:\/\/bwindiorphans.org\/wp-content\/uploads\/2013\/12\/PB210296-1024x768.jpg 1024w\" sizes=\"(max-width: 300px) 100vw, 300px\" \/><\/a><a href=\"http:\/\/bwindiorphans.org\/wp-content\/uploads\/2013\/12\/PB210298.jpg\"><img decoding=\"async\" loading=\"lazy\" class=\" wp-image-2397 size-medium alignleft\" src=\"http:\/\/bwindiorphans.org\/wp-content\/uploads\/2013\/12\/PB210298-300x225.jpg\" alt=\"OLYMPUS DIGITAL CAMERA\" width=\"300\" height=\"225\" srcset=\"https:\/\/bwindiorphans.org\/wp-content\/uploads\/2013\/12\/PB210298-300x225.jpg 300w, https:\/\/bwindiorphans.org\/wp-content\/uploads\/2013\/12\/PB210298-1024x768.jpg 1024w\" sizes=\"(max-width: 300px) 100vw, 300px\" \/><\/a><\/p>\n","protected":false},"excerpt":{"rendered":"<p>Vzd\u011bl\u00e1vac\u00ed centrum Vzd\u011bl\u00e1v\u00e1n\u00ed ve st\u00e1tn\u00edch z\u00e1kladn\u00edch \u0161kol\u00e1ch v&nbsp;Ugand\u011b je bezplatn\u00e9. Ve st\u00e1tn\u00edch \u0161kol\u00e1ch je v\u0161ak nedostatek dobr\u00fdch u\u010ditel\u016f a&nbsp;p\u0159ebytek \u017e\u00e1k\u016f. \u00darove\u0148 vzd\u011bl\u00e1v\u00e1n\u00ed ve st\u00e1tn\u00edch z\u00e1kladn\u00edch \u0161kol\u00e1ch je obecn\u011b hor\u0161\u00ed. \u0160anci na kvalitn\u00ed vzd\u011bl\u00e1n\u00ed maj\u00ed d\u011bti ve \u0161kol\u00e1ch soukrom\u00fdch. Nejide\u00e1ln\u011bj\u0161\u00ed by bylo provozovat vlastn\u00ed soukromou \u0161kolu, kter\u00e1 by byla jen dle na\u0161ich p\u0159edstav a&nbsp;slou\u017eila t\u011bm nejchud\u0161\u00edm [&hellip;]<\/p>\n","protected":false},"author":2,"featured_media":0,"parent":0,"menu_order":0,"comment_status":"open","ping_status":"open","template":"","meta":[],"_links":{"self":[{"href":"https:\/\/bwindiorphans.org\/index.php?rest_route=\/wp\/v2\/pages\/258"}],"collection":[{"href":"https:\/\/bwindiorphans.org\/index.php?rest_route=\/wp\/v2\/pages"}],"about":[{"href":"https:\/\/bwindiorphans.org\/index.php?rest_route=\/wp\/v2\/types\/page"}],"author":[{"embeddable":true,"href":"https:\/\/bwindiorphans.org\/index.php?rest_route=\/wp\/v2\/users\/2"}],"replies":[{"embeddable":true,"href":"https:\/\/bwindiorphans.org\/index.php?rest_route=%2Fwp%2Fv2%2Fcomments&post=258"}],"version-history":[{"count":112,"href":"https:\/\/bwindiorphans.org\/index.php?rest_route=\/wp\/v2\/pages\/258\/revisions"}],"predecessor-version":[{"id":3897,"href":"https:\/\/bwindiorphans.org\/index.php?rest_route=\/wp\/v2\/pages\/258\/revisions\/3897"}],"wp:attachment":[{"href":"https:\/\/bwindiorphans.org\/index.php?rest_route=%2Fwp%2Fv2%2Fmedia&parent=258"}],"curies":[{"name":"wp","href":"https:\/\/api.w.org\/{rel}","templated":true}]}}