{"id":1162,"date":"2014-04-27T16:42:32","date_gmt":"2014-04-27T16:42:32","guid":{"rendered":"http:\/\/bwindiorphans.org\/?page_id=1162"},"modified":"2020-12-11T18:46:32","modified_gmt":"2020-12-11T18:46:32","slug":"skoly-do-kterych-chodi-deti-v-projektu","status":"publish","type":"page","link":"https:\/\/bwindiorphans.org\/?page_id=1162","title":{"rendered":"\u0160koly"},"content":{"rendered":"<h1>\u0160koly<\/h1>\n<p><strong>Z\u00e1kladn\u00ed \u0161kola<\/strong> m\u00e1 7 ro\u010dn\u00edk\u016f, a&nbsp;pokud d\u011bti pot\u0159ebuj\u00ed, existuj\u00ed nav\u00edc 2 roky p\u0159ed\u0161koln\u00ed p\u0159\u00edpravky.<br \/>\n<strong>St\u0159edn\u00ed \u0161kola<\/strong> m\u00e1 4 ro\u010dn\u00edky a&nbsp;nepova\u017eujeme ji za zbyte\u010dn\u00fd luxus. Co se znalost\u00ed t\u00fdk\u00e1, poskytne d\u011btem rozhodn\u011b v\u011bt\u0161\u00ed rozhled.<br \/>\n<strong>U\u010dili\u0161t\u011b<\/strong> je dvoulet\u00e9 a&nbsp;podle na\u0161eho n\u00e1zoru je to nejlep\u0161\u00ed cesta pro v\u011bt\u0161inu d\u011bt\u00ed v&nbsp;na\u0161em programu. Z\u00edskat praktickou dovednost, se kterou se u\u017eiv\u00ed, to je z&nbsp;na\u0161eho pohledu \u0159e\u0161en\u00ed.<br \/>\n<strong>Vy\u0161\u0161\u00ed odborn\u00e9 \u0161koly<\/strong> doporu\u010dujeme pouze v\u00fdjime\u010dn\u011b, nadan\u00fdm d\u011btem, kter\u00e9 maj\u00ed b\u011bhem st\u0159edn\u00ed \u0161koly vynikaj\u00edc\u00ed v\u00fdsledky.<\/p>\n","protected":false},"excerpt":{"rendered":"<p>\u0160koly Z\u00e1kladn\u00ed \u0161kola m\u00e1 7 ro\u010dn\u00edk\u016f, a&nbsp;pokud d\u011bti pot\u0159ebuj\u00ed, existuj\u00ed nav\u00edc 2 roky p\u0159ed\u0161koln\u00ed p\u0159\u00edpravky. St\u0159edn\u00ed \u0161kola m\u00e1 4 ro\u010dn\u00edky a&nbsp;nepova\u017eujeme ji za zbyte\u010dn\u00fd luxus. Co se znalost\u00ed t\u00fdk\u00e1, poskytne d\u011btem rozhodn\u011b v\u011bt\u0161\u00ed rozhled. U\u010dili\u0161t\u011b je dvoulet\u00e9 a&nbsp;podle na\u0161eho n\u00e1zoru je to nejlep\u0161\u00ed cesta pro v\u011bt\u0161inu d\u011bt\u00ed v&nbsp;na\u0161em programu. Z\u00edskat praktickou dovednost, se kterou se [&hellip;]<\/p>\n","protected":false},"author":3,"featured_media":0,"parent":3835,"menu_order":0,"comment_status":"open","ping_status":"open","template":"","meta":[],"_links":{"self":[{"href":"https:\/\/bwindiorphans.org\/index.php?rest_route=\/wp\/v2\/pages\/1162"}],"collection":[{"href":"https:\/\/bwindiorphans.org\/index.php?rest_route=\/wp\/v2\/pages"}],"about":[{"href":"https:\/\/bwindiorphans.org\/index.php?rest_route=\/wp\/v2\/types\/page"}],"author":[{"embeddable":true,"href":"https:\/\/bwindiorphans.org\/index.php?rest_route=\/wp\/v2\/users\/3"}],"replies":[{"embeddable":true,"href":"https:\/\/bwindiorphans.org\/index.php?rest_route=%2Fwp%2Fv2%2Fcomments&post=1162"}],"version-history":[{"count":37,"href":"https:\/\/bwindiorphans.org\/index.php?rest_route=\/wp\/v2\/pages\/1162\/revisions"}],"predecessor-version":[{"id":3839,"href":"https:\/\/bwindiorphans.org\/index.php?rest_route=\/wp\/v2\/pages\/1162\/revisions\/3839"}],"up":[{"embeddable":true,"href":"https:\/\/bwindiorphans.org\/index.php?rest_route=\/wp\/v2\/pages\/3835"}],"wp:attachment":[{"href":"https:\/\/bwindiorphans.org\/index.php?rest_route=%2Fwp%2Fv2%2Fmedia&parent=1162"}],"curies":[{"name":"wp","href":"https:\/\/api.w.org\/{rel}","templated":true}]}}